{"id":1952,"date":"2023-06-29T10:54:38","date_gmt":"2023-06-29T07:54:38","guid":{"rendered":"https:\/\/cursuribalti.md\/?page_id=1952"},"modified":"2023-06-29T10:54:38","modified_gmt":"2023-06-29T07:54:38","slug":"achimova-natalia","status":"publish","type":"page","link":"https:\/\/cursuribalti.md\/ro\/despre-noi\/achimova-natalia\/","title":{"rendered":"Achimova Natalia"},"content":{"rendered":"<section class=\"wpb-content-wrapper\"><p>[vc_row bg_parallax=&#8221;off&#8221; css=&#8221;.vc_custom_1413459419978{margin-top: 0px !important;padding-top: 70px !important;}&#8221;][vc_column width=&#8221;1\/3&#8243;][vc_single_image image=&#8221;1569&#8243; img_size=&#8221;full&#8221; alignment=&#8221;center&#8221;][vc_btn title=&#8221;Despre noi&#8221; style=&#8221;outline&#8221; shape=&#8221;square&#8221; color=&#8221;black&#8221; size=&#8221;sm&#8221; link=&#8221;url:https%3A%2F%2Fcursuribalti.md%2Fo-nas%2F|title:%D0%9E%20%D0%BD%D0%B0%D1%81&#8243;][\/vc_column][vc_column width=&#8221;2\/3&#8243;][vc_column_text]<\/p>\n<h2>Natalia Achimova<\/h2>\n<h5><span style=\"color: #f33337;\">Profesor de coafur\u0103 cu 35 de ani de experien\u021b\u0103<\/span><\/h5>\n<p>[\/vc_column_text][vc_separator][vc_column_text]Centrul de formare DEZVOLTARE este unul dintre liderii \u00een domeniul form\u0103rii \u00een domeniul frumuse\u021bii \u0219i al aspectului fizic \u0219i suntem preg\u0103ti\u021bi s\u0103 ajut\u0103m pe oricine dore\u0219te s\u0103 reu\u0219easc\u0103 \u00een acest domeniu.<\/p>\n<p>Preg\u0103tirea cu noi este o mare oportunitate de a v\u0103 explora poten\u021bialul profesional, de a dob\u00e2ndi noi cuno\u0219tin\u021be \u0219i abilit\u0103\u021bi, de a v\u0103 extinde re\u021beaua profesional\u0103 \u0219i de a deveni parte a unei comunit\u0103\u021bi mai mari de profesioni\u0219ti \u00een domeniul frumuse\u021bii.[\/vc_column_text][vc_row_inner equal_height=&#8221;yes&#8221;][vc_column_inner width=&#8221;1\/4&#8243;][\/vc_column_inner][vc_column_inner width=&#8221;1\/2&#8243;][vc_gallery type=&#8221;flexslider_slide&#8221; interval=&#8221;3&#8243; images=&#8221;1649&#8243; img_size=&#8221;medium&#8221; onclick=&#8221;&#8221;][\/vc_column_inner][vc_column_inner width=&#8221;1\/4&#8243;][\/vc_column_inner][\/vc_row_inner][\/vc_column][\/vc_row][vc_row][vc_column width=&#8221;1\/4&#8243;][\/vc_column][vc_column width=&#8221;1\/2&#8243;][vc_column_text]<\/p>\n<h2>Certificate<\/h2>\n<p><center><br \/>\n\n\t\t<style type=\"text\/css\">\n\t\t\t#gallery-1 {\n\t\t\t\tmargin: auto;\n\t\t\t}\n\t\t\t#gallery-1 .gallery-item {\n\t\t\t\tfloat: left;\n\t\t\t\tmargin-top: 10px;\n\t\t\t\ttext-align: center;\n\t\t\t\twidth: 100%;\n\t\t\t}\n\t\t\t#gallery-1 img {\n\t\t\t\tborder: 2px solid #cfcfcf;\n\t\t\t}\n\t\t\t#gallery-1 .gallery-caption {\n\t\t\t\tmargin-left: 0;\n\t\t\t}\n\t\t\t\/* see gallery_shortcode() in wp-includes\/media.php *\/\n\t\t<\/style>\n\t\t<div id='gallery-1' class='gallery galleryid-1952 gallery-columns-1 gallery-size-large'><dl class='gallery-item'>\n\t\t\t<dt class='gallery-icon landscape'>\n\t\t\t\t<img decoding=\"async\" width=\"1024\" height=\"724\" src=\"https:\/\/cursuribalti.md\/wp-content\/uploads\/2023\/06\/1-1-1024x724.jpg\" class=\"attachment-large size-large\" alt=\"\" srcset=\"https:\/\/cursuribalti.md\/wp-content\/uploads\/2023\/06\/1-1-1024x724.jpg 1024w, https:\/\/cursuribalti.md\/wp-content\/uploads\/2023\/06\/1-1-300x212.jpg 300w, https:\/\/cursuribalti.md\/wp-content\/uploads\/2023\/06\/1-1-768x543.jpg 768w, https:\/\/cursuribalti.md\/wp-content\/uploads\/2023\/06\/1-1-1536x1087.jpg 1536w, https:\/\/cursuribalti.md\/wp-content\/uploads\/2023\/06\/1-1-2048x1449.jpg 2048w, https:\/\/cursuribalti.md\/wp-content\/uploads\/2023\/06\/1-1-1144x809.jpg 1144w\" sizes=\"(max-width: 1024px) 100vw, 1024px\" \/>\n\t\t\t<\/dt><\/dl><br style=\"clear: both\" \/><dl class='gallery-item'>\n\t\t\t<dt class='gallery-icon portrait'>\n\t\t\t\t<img decoding=\"async\" width=\"724\" height=\"1024\" src=\"https:\/\/cursuribalti.md\/wp-content\/uploads\/2023\/06\/2-1-724x1024.jpg\" class=\"attachment-large size-large\" alt=\"\" srcset=\"https:\/\/cursuribalti.md\/wp-content\/uploads\/2023\/06\/2-1-724x1024.jpg 724w, https:\/\/cursuribalti.md\/wp-content\/uploads\/2023\/06\/2-1-212x300.jpg 212w, https:\/\/cursuribalti.md\/wp-content\/uploads\/2023\/06\/2-1-768x1086.jpg 768w, https:\/\/cursuribalti.md\/wp-content\/uploads\/2023\/06\/2-1-1087x1536.jpg 1087w, https:\/\/cursuribalti.md\/wp-content\/uploads\/2023\/06\/2-1-1449x2048.jpg 1449w, https:\/\/cursuribalti.md\/wp-content\/uploads\/2023\/06\/2-1-1144x1617.jpg 1144w, https:\/\/cursuribalti.md\/wp-content\/uploads\/2023\/06\/2-1-scaled.jpg 1811w\" sizes=\"(max-width: 724px) 100vw, 724px\" \/>\n\t\t\t<\/dt><\/dl><br style=\"clear: both\" \/><dl class='gallery-item'>\n\t\t\t<dt class='gallery-icon portrait'>\n\t\t\t\t<img decoding=\"async\" width=\"724\" height=\"1024\" src=\"https:\/\/cursuribalti.md\/wp-content\/uploads\/2023\/06\/3-1-724x1024.jpg\" class=\"attachment-large size-large\" alt=\"\" srcset=\"https:\/\/cursuribalti.md\/wp-content\/uploads\/2023\/06\/3-1-724x1024.jpg 724w, https:\/\/cursuribalti.md\/wp-content\/uploads\/2023\/06\/3-1-212x300.jpg 212w, https:\/\/cursuribalti.md\/wp-content\/uploads\/2023\/06\/3-1-768x1086.jpg 768w, https:\/\/cursuribalti.md\/wp-content\/uploads\/2023\/06\/3-1-1087x1536.jpg 1087w, https:\/\/cursuribalti.md\/wp-content\/uploads\/2023\/06\/3-1-1449x2048.jpg 1449w, https:\/\/cursuribalti.md\/wp-content\/uploads\/2023\/06\/3-1-1144x1617.jpg 1144w, https:\/\/cursuribalti.md\/wp-content\/uploads\/2023\/06\/3-1-scaled.jpg 1811w\" sizes=\"(max-width: 724px) 100vw, 724px\" \/>\n\t\t\t<\/dt><\/dl><br style=\"clear: both\" \/><dl class='gallery-item'>\n\t\t\t<dt class='gallery-icon landscape'>\n\t\t\t\t<img decoding=\"async\" width=\"1024\" height=\"724\" src=\"https:\/\/cursuribalti.md\/wp-content\/uploads\/2023\/06\/4-1-1024x724.jpg\" class=\"attachment-large size-large\" alt=\"\" srcset=\"https:\/\/cursuribalti.md\/wp-content\/uploads\/2023\/06\/4-1-1024x724.jpg 1024w, https:\/\/cursuribalti.md\/wp-content\/uploads\/2023\/06\/4-1-300x212.jpg 300w, https:\/\/cursuribalti.md\/wp-content\/uploads\/2023\/06\/4-1-768x543.jpg 768w, https:\/\/cursuribalti.md\/wp-content\/uploads\/2023\/06\/4-1-1536x1087.jpg 1536w, https:\/\/cursuribalti.md\/wp-content\/uploads\/2023\/06\/4-1-2048x1449.jpg 2048w, https:\/\/cursuribalti.md\/wp-content\/uploads\/2023\/06\/4-1-1144x809.jpg 1144w\" sizes=\"(max-width: 1024px) 100vw, 1024px\" \/>\n\t\t\t<\/dt><\/dl><br style=\"clear: both\" \/><dl class='gallery-item'>\n\t\t\t<dt class='gallery-icon landscape'>\n\t\t\t\t<img decoding=\"async\" width=\"1024\" height=\"724\" src=\"https:\/\/cursuribalti.md\/wp-content\/uploads\/2023\/06\/5-1-1024x724.jpg\" class=\"attachment-large size-large\" alt=\"\" srcset=\"https:\/\/cursuribalti.md\/wp-content\/uploads\/2023\/06\/5-1-1024x724.jpg 1024w, https:\/\/cursuribalti.md\/wp-content\/uploads\/2023\/06\/5-1-300x212.jpg 300w, https:\/\/cursuribalti.md\/wp-content\/uploads\/2023\/06\/5-1-768x543.jpg 768w, https:\/\/cursuribalti.md\/wp-content\/uploads\/2023\/06\/5-1-1536x1087.jpg 1536w, https:\/\/cursuribalti.md\/wp-content\/uploads\/2023\/06\/5-1-2048x1449.jpg 2048w, https:\/\/cursuribalti.md\/wp-content\/uploads\/2023\/06\/5-1-1144x809.jpg 1144w\" sizes=\"(max-width: 1024px) 100vw, 1024px\" \/>\n\t\t\t<\/dt><\/dl><br style=\"clear: both\" \/>\n\t\t<\/div>\n<p>&nbsp;<\/p>\n<p>&nbsp;<\/p>\n<p>&nbsp;<\/p>\n<p>&nbsp;<\/p>\n<p>&nbsp;<\/p>\n<p>&nbsp;<\/p>\n<p>&nbsp;<\/p>\n<p>&nbsp;<\/p>\n<p>&nbsp;<\/p>\n<p><\/center>[\/vc_column_text][\/vc_column][vc_column width=&#8221;1\/4&#8243;][\/vc_column][\/vc_row]<\/p>\n<\/section>","protected":false},"excerpt":{"rendered":"<p>[vc_row bg_parallax=&#8221;off&#8221; css=&#8221;.vc_custom_1413459419978{margin-top: 0px !important;padding-top: 70px !important;}&#8221;][vc_column width=&#8221;1\/3&#8243;][vc_single_image image=&#8221;1569&#8243; img_size=&#8221;full&#8221; alignment=&#8221;center&#8221;][vc_btn title=&#8221;Despre noi&#8221; style=&#8221;outline&#8221; shape=&#8221;square&#8221; color=&#8221;black&#8221; size=&#8221;sm&#8221; link=&#8221;url:https%3A%2F%2Fcursuribalti.md%2Fo-nas%2F|title:%D0%9E%20%D0%BD%D0%B0%D1%81&#8243;][\/vc_column][vc_column width=&#8221;2\/3&#8243;][vc_column_text] Natalia Achimova Profesor de coafur\u0103 cu 35 de ani de experien\u021b\u0103 [&hellip;]<\/p>\n","protected":false},"author":1,"featured_media":0,"parent":1962,"menu_order":0,"comment_status":"closed","ping_status":"closed","template":"","meta":{"footnotes":""},"class_list":["post-1952","page","type-page","status-publish","hentry"],"aioseo_notices":[],"_links":{"self":[{"href":"https:\/\/cursuribalti.md\/ro\/wp-json\/wp\/v2\/pages\/1952","targetHints":{"allow":["GET"]}}],"collection":[{"href":"https:\/\/cursuribalti.md\/ro\/wp-json\/wp\/v2\/pages"}],"about":[{"href":"https:\/\/cursuribalti.md\/ro\/wp-json\/wp\/v2\/types\/page"}],"author":[{"embeddable":true,"href":"https:\/\/cursuribalti.md\/ro\/wp-json\/wp\/v2\/users\/1"}],"replies":[{"embeddable":true,"href":"https:\/\/cursuribalti.md\/ro\/wp-json\/wp\/v2\/comments?post=1952"}],"version-history":[{"count":2,"href":"https:\/\/cursuribalti.md\/ro\/wp-json\/wp\/v2\/pages\/1952\/revisions"}],"predecessor-version":[{"id":1961,"href":"https:\/\/cursuribalti.md\/ro\/wp-json\/wp\/v2\/pages\/1952\/revisions\/1961"}],"up":[{"embeddable":true,"href":"https:\/\/cursuribalti.md\/ro\/wp-json\/wp\/v2\/pages\/1962"}],"wp:attachment":[{"href":"https:\/\/cursuribalti.md\/ro\/wp-json\/wp\/v2\/media?parent=1952"}],"curies":[{"name":"wp","href":"https:\/\/api.w.org\/{rel}","templated":true}]}}