{"id":1962,"date":"2023-06-29T11:05:39","date_gmt":"2023-06-29T08:05:39","guid":{"rendered":"https:\/\/cursuribalti.md\/?page_id=1962"},"modified":"2023-06-29T11:09:23","modified_gmt":"2023-06-29T08:09:23","slug":"despre-noi","status":"publish","type":"page","link":"https:\/\/cursuribalti.md\/ro\/despre-noi\/","title":{"rendered":"Despre noi"},"content":{"rendered":"<section class=\"wpb-content-wrapper\"><p>[vc_row row_fullwidth=&#8221;1&#8243; row_zero_column_space=&#8221;1&#8243; bg_parallax=&#8221;off&#8221;][vc_column width=&#8221;1\/6&#8243;]<a href=\"https:\/\/cursuribalti.md\/ro\/lucasova-anastasia\/\" target=\"_self\" class=\"ozy-fancyimagebox\" id=\"fancybox-9081\">\n<img decoding=\"async\" src=\"https:\/\/cursuribalti.md\/wp-content\/uploads\/2023\/06\/001-lukashova.jpg\" alt=\"Lucasova Anastasia\"\/><section><h2 style=\"display:none\">Lucasova Anastasia<\/h2><section><span class=\"tag\">Director<\/span><h2>Lucasova Anastasia<\/h2><\/section><\/section>\n<\/a>[\/vc_column][vc_column width=&#8221;1\/6&#8243;]<a href=\"https:\/\/cursuribalti.md\/ro\/achimova-natalia\/\" target=\"_self\" class=\"ozy-fancyimagebox\" id=\"fancybox-6220\">\n<img decoding=\"async\" src=\"https:\/\/cursuribalti.md\/wp-content\/uploads\/2023\/06\/002-akimova.jpg\" alt=\"Achimova Natalia\"\/><section><h2 style=\"display:none\">Achimova Natalia<\/h2><section><span class=\"tag\">Profesor<\/span><h2>Achimova Natalia<\/h2><\/section><\/section>\n<\/a>[\/vc_column][vc_column width=&#8221;1\/6&#8243;]<a href=\"https:\/\/cursuribalti.md\/ro\/bujenita-rada\/\" target=\"_self\" class=\"ozy-fancyimagebox\" id=\"fancybox-9436\">\n<img decoding=\"async\" src=\"https:\/\/cursuribalti.md\/wp-content\/uploads\/2023\/06\/003-bujenica.jpg\" alt=\"Bujenita Rada\"\/><section><h2 style=\"display:none\">Bujenita Rada<\/h2><section><span class=\"tag\">Profesor<\/span><h2>Bujenita Rada<\/h2><\/section><\/section>\n<\/a>[\/vc_column][vc_column width=&#8221;1\/6&#8243;]<a href=\"https:\/\/cursuribalti.md\/ro\/confederat-larisa\/\" target=\"_self\" class=\"ozy-fancyimagebox\" id=\"fancybox-8216\">\n<img decoding=\"async\" src=\"https:\/\/cursuribalti.md\/wp-content\/uploads\/2023\/06\/004-konfederat.jpg\" alt=\"Confederat Larisa\"\/><section><h2 style=\"display:none\">Confederat Larisa<\/h2><section><span class=\"tag\">Profesor<\/span><h2>Confederat Larisa<\/h2><\/section><\/section>\n<\/a>[\/vc_column][vc_column width=&#8221;1\/6&#8243;]<a href=\"https:\/\/cursuribalti.md\/ro\/pascari-anastasia\/\" target=\"_self\" class=\"ozy-fancyimagebox\" id=\"fancybox-9601\">\n<img decoding=\"async\" src=\"https:\/\/cursuribalti.md\/wp-content\/uploads\/2023\/06\/005-paskari.jpg\" alt=\"Pascari Anastasia\"\/><section><h2 style=\"display:none\">Pascari Anastasia<\/h2><section><span class=\"tag\">Profesor<\/span><h2>Pascari Anastasia<\/h2><\/section><\/section>\n<\/a>[\/vc_column][vc_column width=&#8221;1\/6&#8243;]<a href=\"https:\/\/cursuribalti.md\/ro\/contacte\" target=\"_self\" class=\"ozy-fancyimagebox\" id=\"fancybox-7632\">\n<img decoding=\"async\" src=\"https:\/\/cursuribalti.md\/wp-content\/uploads\/2023\/06\/006-invite.jpg\" alt=\"Specialistii\"\/><section><h2 style=\"display:none\">Specialistii<\/h2><section><span class=\"tag\">in echipa noastra<\/span><h2>Specialistii<\/h2><\/section><\/section>\n<\/a>[\/vc_column][\/vc_row][vc_row css=&#8221;.vc_custom_1687937723926{padding-top: 50px !important;padding-bottom: 50px !important;}&#8221;][vc_column][vc_custom_heading text=&#8221;Despre noi&#8221; font_container=&#8221;tag:h2|text_align:center&#8221; google_fonts=&#8221;font_family:Playfair%20Display%3Aregular%2Citalic%2C700%2C700italic%2C900%2C900italic|font_style:400%20regular%3A400%3Anormal&#8221;][vc_column_text]Cursurile profesionale de frumuse\u021be \u0219i stilizare de la DEZVOLTARE sunt calea ta spre o carier\u0103 de succes \u00een industria frumuse\u021bii. Programul cursurilor acoper\u0103 o gam\u0103 larg\u0103 de specializ\u0103ri, de la coafor la cosmetician, \u0219i ofer\u0103 studen\u021bilor o preg\u0103tire de \u00eenalt\u0103 calificare.<\/p>\n<p>Cursurile profesionale DEZVOLTARE au fost fondate \u00een 1989 de c\u0103tre experimentata maestr\u0103 modelatoare Natalia Akimova, dup\u0103 ce a absolvit \u0219coala inter-republican\u0103 din ora\u0219ul Lvov. De atunci, cursurile preg\u0103tesc coafeze universale \u0219i speciali\u0219ti califica\u021bi \u00een domeniul frumuse\u021bii. Mul\u021bi absolven\u021bi au urmat o carier\u0103 \u00een Israel, Europa \u0219i Rusia. La finalizarea cursurilor, absolven\u021bii primesc un certificat oficial de calificare profesional\u0103 \u0219i asisten\u021b\u0103 \u00een g\u0103sirea unui loc de munc\u0103.<\/p>\n<p>Oferim cursuri de coafor universal, coafur\u0103 pentru b\u0103rba\u021bi \u0219i femei, precum \u0219i cursuri specializate \u00een colorare, machiaj, cosmetologie, modelarea spr\u00e2ncenelor, manichiur\u0103, pedichiur\u0103, extensii de unghii \u0219i gene.<\/p>\n<p>Programul nostru de formare se bazeaz\u0103 pe tehnologii \u0219i metode de lucru moderne care le permit absolven\u021bilor no\u0219tri s\u0103 ob\u021bin\u0103 performan\u021be deosebite la locul de munc\u0103.<\/p>\n<p>Centrul de formare DEZVOLTARE este unul dintre liderii \u00een domeniul form\u0103rii \u00een domeniul frumuse\u021bii \u0219i al aspectului fizic \u0219i suntem preg\u0103ti\u021bi s\u0103 ajut\u0103m pe oricine dore\u0219te s\u0103 reu\u0219easc\u0103 \u00een acest domeniu.<\/p>\n<p>Preg\u0103tirea cu noi este o mare oportunitate de a v\u0103 explora poten\u021bialul profesional, de a dob\u00e2ndi noi cuno\u0219tin\u021be \u0219i abilit\u0103\u021bi, de a v\u0103 extinde re\u021beaua profesional\u0103 \u0219i de a deveni parte a unei comunit\u0103\u021bi mai mari de profesioni\u0219ti \u00een domeniul frumuse\u021bii.[\/vc_column_text][\/vc_column][\/vc_row]<\/p>\n<\/section>","protected":false},"excerpt":{"rendered":"<p>[vc_row row_fullwidth=&#8221;1&#8243; row_zero_column_space=&#8221;1&#8243; bg_parallax=&#8221;off&#8221;][vc_column width=&#8221;1\/6&#8243;][\/vc_column][vc_column width=&#8221;1\/6&#8243;][\/vc_column][vc_column width=&#8221;1\/6&#8243;][\/vc_column][vc_column width=&#8221;1\/6&#8243;][\/vc_column][vc_column width=&#8221;1\/6&#8243;][\/vc_column][vc_column width=&#8221;1\/6&#8243;][\/vc_column][\/vc_row][vc_row css=&#8221;.vc_custom_1687937723926{padding-top: 50px !important;padding-bottom: 50px !important;}&#8221;][vc_column][vc_custom_heading text=&#8221;Despre noi&#8221; font_container=&#8221;tag:h2|text_align:center&#8221; google_fonts=&#8221;font_family:Playfair%20Display%3Aregular%2Citalic%2C700%2C700italic%2C900%2C900italic|font_style:400%20regular%3A400%3Anormal&#8221;][vc_column_text]Cursurile profesionale de frumuse\u021be \u0219i stilizare de la DEZVOLTARE sunt calea ta [&hellip;]<\/p>\n","protected":false},"author":1,"featured_media":0,"parent":0,"menu_order":0,"comment_status":"open","ping_status":"closed","template":"","meta":{"footnotes":""},"class_list":["post-1962","page","type-page","status-publish","hentry"],"aioseo_notices":[],"_links":{"self":[{"href":"https:\/\/cursuribalti.md\/ro\/wp-json\/wp\/v2\/pages\/1962","targetHints":{"allow":["GET"]}}],"collection":[{"href":"https:\/\/cursuribalti.md\/ro\/wp-json\/wp\/v2\/pages"}],"about":[{"href":"https:\/\/cursuribalti.md\/ro\/wp-json\/wp\/v2\/types\/page"}],"author":[{"embeddable":true,"href":"https:\/\/cursuribalti.md\/ro\/wp-json\/wp\/v2\/users\/1"}],"replies":[{"embeddable":true,"href":"https:\/\/cursuribalti.md\/ro\/wp-json\/wp\/v2\/comments?post=1962"}],"version-history":[{"count":4,"href":"https:\/\/cursuribalti.md\/ro\/wp-json\/wp\/v2\/pages\/1962\/revisions"}],"predecessor-version":[{"id":1974,"href":"https:\/\/cursuribalti.md\/ro\/wp-json\/wp\/v2\/pages\/1962\/revisions\/1974"}],"wp:attachment":[{"href":"https:\/\/cursuribalti.md\/ro\/wp-json\/wp\/v2\/media?parent=1962"}],"curies":[{"name":"wp","href":"https:\/\/api.w.org\/{rel}","templated":true}]}}